{"id":12230,"date":"2025-07-31T10:00:09","date_gmt":"2025-07-31T15:00:09","guid":{"rendered":"https:\/\/luxury-odyssey.com\/ne-e-dime\/"},"modified":"2025-07-31T10:00:09","modified_gmt":"2025-07-31T15:00:09","slug":"ne-e-dime","status":"publish","type":"page","link":"https:\/\/luxury-odyssey.com\/sq\/ne-e-dime\/","title":{"rendered":"Ne e dim\u00eb"},"content":{"rendered":"<div class=\"wpb-content-wrapper\"><p>[vc_row][vc_column][vc_empty_space height=&#8221;60px&#8221;][\/vc_column][\/vc_row][vc_row][vc_column width=&#8221;1\/2&#8243;][vc_single_image image=&#8221;10493&#8243; img_size=&#8221;full&#8221; alignment=&#8221;center&#8221; css_animation=&#8221;none&#8221; css=&#8221;&#8221;][vc_column_text css=&#8221;&#8221; el_class=&#8221;st-aboutus-title&#8221;]<\/p>\n<h3>Na njihni<\/h3>\n<p>[\/vc_column_text][vc_column_text css=&#8221;&#8221; el_class=&#8221;st-aboutus-content&#8221;]<\/p>\n<p style=\"text-align: left;\">Ne jemi nj\u00eb kompani e dedikuar p\u00ebr t\u00eb ofruar p\u00ebrvoja ekskluzive turistike. Shijoni turet tona VIP, akomodimin n\u00eb hotelet m\u00eb t\u00eb mira, destinacionet n\u00eb vende dhe qytete t\u00eb zgjedhura, qiradh\u00ebnien e makinave luksoze dhe jahte t\u00eb nivelit t\u00eb lart\u00eb. <\/p>\n<p style=\"text-align: left;\">Ne sjellim n\u00eb jet\u00eb p\u00ebrvoja ekskluzive turistike t\u00eb dizajnuara p\u00ebr t\u00eb p\u00ebrmbushur standardet m\u00eb t\u00eb larta t\u00eb cil\u00ebsis\u00eb dhe luksit. Shijoni turet tona VIP, t\u00eb planifikuara me kujdes p\u00ebr t&#8217;ju dh\u00ebn\u00eb nj\u00eb vizion unik dhe t\u00eb personalizuar t\u00eb secilit destinacion. Ne ju ofrojm\u00eb akomodim n\u00eb hotelet m\u00eb t\u00eb mira, ku rehatia dhe eleganca kombinohen p\u00ebr t\u00eb garantuar nj\u00eb q\u00ebndrim t\u00eb paharruesh\u00ebm.  <\/p>\n<p>[\/vc_column_text][vc_empty_space height=&#8221;30px&#8221;][\/vc_column][vc_column width=&#8221;1\/2&#8243;][vc_single_image image=&#8221;10496&#8243; img_size=&#8221;full&#8221; alignment=&#8221;center&#8221; css=&#8221;&#8221;][vc_column_text css=&#8221;&#8221; el_class=&#8221;st-aboutus-title&#8221;]<\/p>\n<h3>Pasaporta juaj drejt luksit dhe ekskluzivitetit<\/h3>\n<p>[\/vc_column_text][vc_column_text css=&#8221;&#8221; el_class=&#8221;st-aboutus-content&#8221;]<\/p>\n<p style=\"text-align: left;\">Eksploroni destinacione n\u00eb vende dhe qytete t\u00eb zgjedhura me kujdes p\u00ebr ekskluzivitetin dhe sharmin e tyre. P\u00ebrve\u00e7 k\u00ebsaj, ne ofrojm\u00eb qira makinash luksoze n\u00eb m\u00ebnyr\u00eb q\u00eb t\u00eb udh\u00ebtoni me stil dhe rehati. Ne gjithashtu ofrojm\u00eb qira jahtesh t\u00eb nivelit t\u00eb lart\u00eb, duke ju lejuar t\u00eb shijoni detin n\u00eb privat\u00ebsi dhe luks t\u00eb plot\u00eb.  <\/p>\n<p style=\"text-align: left;\">\u00c7do detaj i p\u00ebrvojave tona \u00ebsht\u00eb projektuar p\u00ebr t&#8217;ju ofruar momente t\u00eb paharrueshme dhe p\u00ebr t\u00eb p\u00ebrmbushur d\u00ebshirat tuaja m\u00eb t\u00eb k\u00ebrkuara. Me ne, udh\u00ebtimi juaj b\u00ebhet nj\u00eb aventur\u00eb e jasht\u00ebzakonshme, plot luks dhe rehati. <\/p>\n<p>[\/vc_column_text][vc_empty_space height=&#8221;30px&#8221;][\/vc_column][\/vc_row][vc_row][vc_column][vc_empty_space height=&#8221;20px&#8221;]<div class=\"st-list-statistic\"><div class=\"row\">            <div class=\"col-md-3 col-sm-6\">\r\n                <div class=\"item-wrapper\">\r\n                    <div class=\"item\">\r\n                        <div class=\"front\">\r\n                            <div class=\"inner\">\r\n                                <h4>20+<\/h4>\r\n                                <p class=\"sub-text\">Yachts<\/p>\r\n                            <\/div>\r\n                        <\/div>\r\n                        <div class=\"end\">\r\n                            <p class=\"desc\">Live a luxury experience at sea with our yacht charter service in Dubai.<\/p>\r\n                        <\/div>\r\n                    <\/div>\r\n                <\/div>\r\n            <\/div>\r\n                        <div class=\"col-md-3 col-sm-6\">\r\n                <div class=\"item-wrapper\">\r\n                    <div class=\"item\">\r\n                        <div class=\"front\">\r\n                            <div class=\"inner\">\r\n                                <h4>50+<\/h4>\r\n                                <p class=\"sub-text\">Cars<\/p>\r\n                            <\/div>\r\n                        <\/div>\r\n                        <div class=\"end\">\r\n                            <p class=\"desc\">Explore Dubai at your own pace with our diverse car rental options.<\/p>\r\n                        <\/div>\r\n                    <\/div>\r\n                <\/div>\r\n            <\/div>\r\n                        <div class=\"col-md-3 col-sm-6\">\r\n                <div class=\"item-wrapper\">\r\n                    <div class=\"item\">\r\n                        <div class=\"front\">\r\n                            <div class=\"inner\">\r\n                                <h4>10+<\/h4>\r\n                                <p class=\"sub-text\">Destinations<\/p>\r\n                            <\/div>\r\n                        <\/div>\r\n                        <div class=\"end\">\r\n                            <p class=\"desc\">Equipped with comfortable beds, modern services, and cozy decorations.<\/p>\r\n                        <\/div>\r\n                    <\/div>\r\n                <\/div>\r\n            <\/div>\r\n                        <div class=\"col-md-3 col-sm-6\">\r\n                <div class=\"item-wrapper\">\r\n                    <div class=\"item\">\r\n                        <div class=\"front\">\r\n                            <div class=\"inner\">\r\n                                <h4>40k+<\/h4>\r\n                                <p class=\"sub-text\">Room<\/p>\r\n                            <\/div>\r\n                        <\/div>\r\n                        <div class=\"end\">\r\n                            <p class=\"desc\">Equipped with comfortable beds, modern services, and cozy decorations.<\/p>\r\n                        <\/div>\r\n                    <\/div>\r\n                <\/div>\r\n            <\/div>\r\n            <\/div><\/div>[vc_empty_space height=&#8221;65px&#8221;][\/vc_column][\/vc_row][vc_row full_width=&#8221;stretch_row_content_no_spaces&#8221; row_fullwidth=&#8221;yes&#8221;][vc_column css=&#8221;.vc_custom_1543386510262{padding-right: 0px !important;padding-left: 0px !important;}&#8221;]<div class=\"st-aboutus-gallery\">\r\n            <div class=\"st-flickity st-gallery\">\r\n            <div class=\"carousel\"\r\n                 data-flickity='{ \"wrapAround\": true, \"pageDots\": true , \"autoPlay\" : true}'>\r\n                                    <div class=\"item\" style=\"background-image: url('https:\/\/luxury-odyssey.com\/wp-content\/uploads\/2017\/06\/Tour-1-5.jpg')\"><\/div>\r\n                                        <div class=\"item\" style=\"background-image: url('https:\/\/luxury-odyssey.com\/wp-content\/uploads\/2024\/08\/Porsche-911-Turbo-S1.jpg')\"><\/div>\r\n                                        <div class=\"item\" style=\"background-image: url('https:\/\/luxury-odyssey.com\/wp-content\/uploads\/2024\/08\/Mercedez-Benz-G63-AMG-Nardo-G-2.jpg')\"><\/div>\r\n                                        <div class=\"item\" style=\"background-image: url('https:\/\/luxury-odyssey.com\/wp-content\/uploads\/2024\/08\/143ft-yacht-in-dubai-2-scaled.jpg')\"><\/div>\r\n                                        <div class=\"item\" style=\"background-image: url('https:\/\/luxury-odyssey.com\/wp-content\/uploads\/2024\/08\/110ft-yacht-in-dubai-1.jpg')\"><\/div>\r\n                                        <div class=\"item\" style=\"background-image: url('https:\/\/placehold.co\/600x400')\"><\/div>\r\n                                        <div class=\"item\" style=\"background-image: url('https:\/\/luxury-odyssey.com\/wp-content\/uploads\/2024\/08\/EVO-huracan7.jpg')\"><\/div>\r\n                                <\/div>\r\n            <div class=\"slogan\">\r\n                <h4>Udh\u00ebtim i drejtp\u00ebrdrejt\u00eb<\/h4>\r\n                                        <a href=\"\/\" target=\"\" class=\"btn btn-primary\">Get to know our plans<\/a>\r\n                                <\/div>\r\n        <\/div>\r\n    <\/div>\r\n[\/vc_column][\/vc_row][vc_row][vc_column offset=&#8221;vc_hidden-lg vc_hidden-md vc_hidden-sm vc_hidden-xs&#8221;][vc_empty_space height=&#8221;130px&#8221;]<div class=\"st-aboutus-team\">\r\n    <h3>Ekipi i Lidershipit<\/h3>\r\n    <div class=\"row\"><div class=\"col-md-3 col-sm-6 item\">            <div class=\"thumb\">\r\n                <img decoding=\"async\" src=\"https:\/\/placehold.co\/600x400\" class=\"img-responsive\" \/>\r\n                                    <div class=\"social\">\r\n                        <ul>                                <li><a href=\"#face\"><i class=\"fa fa-facebook\"><\/i><\/a><\/li>\r\n                                                            <li><a href=\"#tw\"><i class=\"fa fa-twitter\"><\/i><\/a><\/li>\r\n                                                            <li><a href=\"#ins\"><i class=\"fa fa-instagram\"><\/i><\/a><\/li>\r\n                            <\/ul>                    <\/div>\r\n                                <\/div>\r\n            <p class=\"name\">Eva Hicks<\/p>\r\n            <p class=\"pos\">CEO<\/p>\r\n            <\/div><div class=\"col-md-3 col-sm-6 item\">            <div class=\"thumb\">\r\n                <img decoding=\"async\" src=\"https:\/\/placehold.co\/600x400\" class=\"img-responsive\" \/>\r\n                                    <div class=\"social\">\r\n                        <ul>                                <li><a href=\"#face\"><i class=\"fa fa-facebook\"><\/i><\/a><\/li>\r\n                                                            <li><a href=\"#tw\"><i class=\"fa fa-twitter\"><\/i><\/a><\/li>\r\n                                                            <li><a href=\"#ins\"><i class=\"fa fa-instagram\"><\/i><\/a><\/li>\r\n                            <\/ul>                    <\/div>\r\n                                <\/div>\r\n            <p class=\"name\">Evan Porter<\/p>\r\n            <p class=\"pos\">COO<\/p>\r\n            <\/div><div class=\"col-md-3 col-sm-6 item\">            <div class=\"thumb\">\r\n                <img decoding=\"async\" src=\"https:\/\/placehold.co\/600x400\" class=\"img-responsive\" \/>\r\n                                    <div class=\"social\">\r\n                        <ul>                                <li><a href=\"#face\"><i class=\"fa fa-facebook\"><\/i><\/a><\/li>\r\n                                                            <li><a href=\"#tw\"><i class=\"fa fa-twitter\"><\/i><\/a><\/li>\r\n                                                            <li><a href=\"#ins\"><i class=\"fa fa-instagram\"><\/i><\/a><\/li>\r\n                            <\/ul>                    <\/div>\r\n                                <\/div>\r\n            <p class=\"name\">Donald Wolf<\/p>\r\n            <p class=\"pos\">Account Manager<\/p>\r\n            <\/div><div class=\"col-md-3 col-sm-6 item\">            <div class=\"thumb\">\r\n                <img decoding=\"async\" src=\"https:\/\/placehold.co\/600x400\" class=\"img-responsive\" \/>\r\n                                    <div class=\"social\">\r\n                        <ul>                                <li><a href=\"#face\"><i class=\"fa fa-facebook\"><\/i><\/a><\/li>\r\n                                                            <li><a href=\"#tw\"><i class=\"fa fa-twitter\"><\/i><\/a><\/li>\r\n                                                            <li><a href=\"#ins\"><i class=\"fa fa-instagram\"><\/i><\/a><\/li>\r\n                            <\/ul>                    <\/div>\r\n                                <\/div>\r\n            <p class=\"name\">Charlie Harrington<\/p>\r\n            <p class=\"pos\">Sales Support<\/p>\r\n            <\/div><div class=\"col-md-3 col-sm-6 item\">            <div class=\"thumb\">\r\n                <img decoding=\"async\" src=\"https:\/\/placehold.co\/600x400\" class=\"img-responsive\" \/>\r\n                                    <div class=\"social\">\r\n                        <ul>                                <li><a href=\"#face\"><i class=\"fa fa-facebook\"><\/i><\/a><\/li>\r\n                                                            <li><a href=\"#tw\"><i class=\"fa fa-twitter\"><\/i><\/a><\/li>\r\n                                                            <li><a href=\"#ins\"><i class=\"fa fa-instagram\"><\/i><\/a><\/li>\r\n                            <\/ul>                    <\/div>\r\n                                <\/div>\r\n            <p class=\"name\">Melody Marshall<\/p>\r\n            <p class=\"pos\">Order Manager<\/p>\r\n            <\/div><div class=\"col-md-3 col-sm-6 item\">            <div class=\"thumb\">\r\n                <img decoding=\"async\" src=\"https:\/\/placehold.co\/600x400\" class=\"img-responsive\" \/>\r\n                                    <div class=\"social\">\r\n                        <ul>                                <li><a href=\"#face\"><i class=\"fa fa-facebook\"><\/i><\/a><\/li>\r\n                                                            <li><a href=\"#tw\"><i class=\"fa fa-twitter\"><\/i><\/a><\/li>\r\n                                                            <li><a href=\"#ins\"><i class=\"fa fa-instagram\"><\/i><\/a><\/li>\r\n                            <\/ul>                    <\/div>\r\n                                <\/div>\r\n            <p class=\"name\">Lee Cunningham<\/p>\r\n            <p class=\"pos\">Designer<\/p>\r\n            <\/div><div class=\"col-md-3 col-sm-6 item\">            <div class=\"thumb\">\r\n                <img decoding=\"async\" src=\"https:\/\/placehold.co\/600x400\" class=\"img-responsive\" \/>\r\n                                    <div class=\"social\">\r\n                        <ul>                                <li><a href=\"#face\"><i class=\"fa fa-facebook\"><\/i><\/a><\/li>\r\n                                                            <li><a href=\"#tw\"><i class=\"fa fa-twitter\"><\/i><\/a><\/li>\r\n                                                            <li><a href=\"#ins\"><i class=\"fa fa-instagram\"><\/i><\/a><\/li>\r\n                            <\/ul>                    <\/div>\r\n                                <\/div>\r\n            <p class=\"name\">Kody Byrd<\/p>\r\n            <p class=\"pos\">QC Manager<\/p>\r\n            <\/div><div class=\"col-md-3 col-sm-6 item\">            <div class=\"thumb\">\r\n                <img decoding=\"async\" src=\"https:\/\/placehold.co\/600x400\" class=\"img-responsive\" \/>\r\n                                    <div class=\"social\">\r\n                        <ul>                                <li><a href=\"#face\"><i class=\"fa fa-facebook\"><\/i><\/a><\/li>\r\n                                                            <li><a href=\"#tw\"><i class=\"fa fa-twitter\"><\/i><\/a><\/li>\r\n                                                            <li><a href=\"#ins\"><i class=\"fa fa-instagram\"><\/i><\/a><\/li>\r\n                            <\/ul>                    <\/div>\r\n                                <\/div>\r\n            <p class=\"name\">Breanna French<\/p>\r\n            <p class=\"pos\">Head of Design<\/p>\r\n            <\/div><\/div><\/div>\r\n[\/vc_column][\/vc_row]<\/p>\n<\/div>","protected":false},"excerpt":{"rendered":"<p>[vc_row][vc_column][vc_empty_space height=&#8221;60px&#8221;][\/vc_column][\/vc_row][vc_row][vc_column width=&#8221;1\/2&#8243;][vc_single_image image=&#8221;10493&#8243; img_size=&#8221;full&#8221; alignment=&#8221;center&#8221; css_animation=&#8221;none&#8221; css=&#8221;&#8221;][vc_column_text css=&#8221;&#8221; el_class=&#8221;st-aboutus-title&#8221;] Na njihni [\/vc_column_text][vc_column_text css=&#8221;&#8221; el_class=&#8221;st-aboutus-content&#8221;] Ne jemi nj\u00eb kompani e dedikuar p\u00ebr t\u00eb ofruar p\u00ebrvoja ekskluzive turistike. Shijoni turet tona VIP, akomodimin n\u00eb hotelet m\u00eb t\u00eb mira, destinacionet n\u00eb vende dhe qytete t\u00eb zgjedhura, qiradh\u00ebnien e makinave luksoze dhe jahte t\u00eb nivelit t\u00eb lart\u00eb. Ne [&hellip;]<\/p>\n","protected":false},"author":1,"featured_media":12211,"parent":0,"menu_order":0,"comment_status":"closed","ping_status":"closed","template":"template-home-modern.php","meta":{"footnotes":""},"class_list":["post-12230","page","type-page","status-publish","has-post-thumbnail","hentry"],"yoast_head":"<!-- This site is optimized with the Yoast SEO plugin v23.7 - https:\/\/yoast.com\/wordpress\/plugins\/seo\/ -->\n<title>Ne e dim\u00eb - Luxury Odyssey<\/title>\n<meta name=\"robots\" content=\"index, follow, max-snippet:-1, max-image-preview:large, max-video-preview:-1\" \/>\n<link rel=\"canonical\" href=\"https:\/\/luxury-odyssey.com\/sq\/ne-e-dime\/\" \/>\n<meta property=\"og:locale\" content=\"sq_AL\" \/>\n<meta property=\"og:type\" content=\"article\" \/>\n<meta property=\"og:title\" content=\"Ne e dim\u00eb - Luxury Odyssey\" \/>\n<meta property=\"og:description\" content=\"[vc_row][vc_column][vc_empty_space height=&#8221;60px&#8221;][\/vc_column][\/vc_row][vc_row][vc_column width=&#8221;1\/2&#8243;][vc_single_image image=&#8221;10493&#8243; img_size=&#8221;full&#8221; alignment=&#8221;center&#8221; css_animation=&#8221;none&#8221; css=&#8221;&#8221;][vc_column_text css=&#8221;&#8221; el_class=&#8221;st-aboutus-title&#8221;] Na njihni [\/vc_column_text][vc_column_text css=&#8221;&#8221; el_class=&#8221;st-aboutus-content&#8221;] Ne jemi nj\u00eb kompani e dedikuar p\u00ebr t\u00eb ofruar p\u00ebrvoja ekskluzive turistike. Shijoni turet tona VIP, akomodimin n\u00eb hotelet m\u00eb t\u00eb mira, destinacionet n\u00eb vende dhe qytete t\u00eb zgjedhura, qiradh\u00ebnien e makinave luksoze dhe jahte t\u00eb nivelit t\u00eb lart\u00eb. Ne [&hellip;]\" \/>\n<meta property=\"og:url\" content=\"https:\/\/luxury-odyssey.com\/sq\/ne-e-dime\/\" \/>\n<meta property=\"og:site_name\" content=\"Luxury Odyssey\" \/>\n<meta property=\"og:image\" content=\"https:\/\/luxury-odyssey.com\/wp-content\/uploads\/2024\/09\/suheader-1.jpg\" \/>\n\t<meta property=\"og:image:width\" content=\"1920\" \/>\n\t<meta property=\"og:image:height\" content=\"600\" \/>\n\t<meta property=\"og:image:type\" content=\"image\/jpeg\" \/>\n<meta name=\"twitter:card\" content=\"summary_large_image\" \/>\n<meta name=\"twitter:label1\" content=\"Est. reading time\" \/>\n\t<meta name=\"twitter:data1\" content=\"5 minuta\" \/>\n<script type=\"application\/ld+json\" class=\"yoast-schema-graph\">{\"@context\":\"https:\/\/schema.org\",\"@graph\":[{\"@type\":\"WebPage\",\"@id\":\"https:\/\/luxury-odyssey.com\/sq\/ne-e-dime\/\",\"url\":\"https:\/\/luxury-odyssey.com\/sq\/ne-e-dime\/\",\"name\":\"Ne e dim\u00eb - Luxury Odyssey\",\"isPartOf\":{\"@id\":\"https:\/\/luxury-odyssey.com\/#website\"},\"primaryImageOfPage\":{\"@id\":\"https:\/\/luxury-odyssey.com\/sq\/ne-e-dime\/#primaryimage\"},\"image\":{\"@id\":\"https:\/\/luxury-odyssey.com\/sq\/ne-e-dime\/#primaryimage\"},\"thumbnailUrl\":\"https:\/\/luxury-odyssey.com\/wp-content\/uploads\/2024\/09\/suheader-1.jpg\",\"datePublished\":\"2025-07-31T15:00:09+00:00\",\"dateModified\":\"2025-07-31T15:00:09+00:00\",\"breadcrumb\":{\"@id\":\"https:\/\/luxury-odyssey.com\/sq\/ne-e-dime\/#breadcrumb\"},\"inLanguage\":\"sq\",\"potentialAction\":[{\"@type\":\"ReadAction\",\"target\":[\"https:\/\/luxury-odyssey.com\/sq\/ne-e-dime\/\"]}]},{\"@type\":\"ImageObject\",\"inLanguage\":\"sq\",\"@id\":\"https:\/\/luxury-odyssey.com\/sq\/ne-e-dime\/#primaryimage\",\"url\":\"https:\/\/luxury-odyssey.com\/wp-content\/uploads\/2024\/09\/suheader-1.jpg\",\"contentUrl\":\"https:\/\/luxury-odyssey.com\/wp-content\/uploads\/2024\/09\/suheader-1.jpg\",\"width\":1920,\"height\":600},{\"@type\":\"BreadcrumbList\",\"@id\":\"https:\/\/luxury-odyssey.com\/sq\/ne-e-dime\/#breadcrumb\",\"itemListElement\":[{\"@type\":\"ListItem\",\"position\":1,\"name\":\"Inicio\",\"item\":\"https:\/\/luxury-odyssey.com\/sq\/shtepi\/\"},{\"@type\":\"ListItem\",\"position\":2,\"name\":\"Ne e dim\u00eb\"}]},{\"@type\":\"WebSite\",\"@id\":\"https:\/\/luxury-odyssey.com\/#website\",\"url\":\"https:\/\/luxury-odyssey.com\/\",\"name\":\"Luxury Odyssey\",\"description\":\"\",\"potentialAction\":[{\"@type\":\"SearchAction\",\"target\":{\"@type\":\"EntryPoint\",\"urlTemplate\":\"https:\/\/luxury-odyssey.com\/?s={search_term_string}\"},\"query-input\":{\"@type\":\"PropertyValueSpecification\",\"valueRequired\":true,\"valueName\":\"search_term_string\"}}],\"inLanguage\":\"sq\"}]}<\/script>\n<!-- \/ Yoast SEO plugin. -->","yoast_head_json":{"title":"Ne e dim\u00eb - Luxury Odyssey","robots":{"index":"index","follow":"follow","max-snippet":"max-snippet:-1","max-image-preview":"max-image-preview:large","max-video-preview":"max-video-preview:-1"},"canonical":"https:\/\/luxury-odyssey.com\/sq\/ne-e-dime\/","og_locale":"sq_AL","og_type":"article","og_title":"Ne e dim\u00eb - Luxury Odyssey","og_description":"[vc_row][vc_column][vc_empty_space height=&#8221;60px&#8221;][\/vc_column][\/vc_row][vc_row][vc_column width=&#8221;1\/2&#8243;][vc_single_image image=&#8221;10493&#8243; img_size=&#8221;full&#8221; alignment=&#8221;center&#8221; css_animation=&#8221;none&#8221; css=&#8221;&#8221;][vc_column_text css=&#8221;&#8221; el_class=&#8221;st-aboutus-title&#8221;] Na njihni [\/vc_column_text][vc_column_text css=&#8221;&#8221; el_class=&#8221;st-aboutus-content&#8221;] Ne jemi nj\u00eb kompani e dedikuar p\u00ebr t\u00eb ofruar p\u00ebrvoja ekskluzive turistike. Shijoni turet tona VIP, akomodimin n\u00eb hotelet m\u00eb t\u00eb mira, destinacionet n\u00eb vende dhe qytete t\u00eb zgjedhura, qiradh\u00ebnien e makinave luksoze dhe jahte t\u00eb nivelit t\u00eb lart\u00eb. Ne [&hellip;]","og_url":"https:\/\/luxury-odyssey.com\/sq\/ne-e-dime\/","og_site_name":"Luxury Odyssey","og_image":[{"width":1920,"height":600,"url":"https:\/\/luxury-odyssey.com\/wp-content\/uploads\/2024\/09\/suheader-1.jpg","type":"image\/jpeg"}],"twitter_card":"summary_large_image","twitter_misc":{"Est. reading time":"5 minuta"},"schema":{"@context":"https:\/\/schema.org","@graph":[{"@type":"WebPage","@id":"https:\/\/luxury-odyssey.com\/sq\/ne-e-dime\/","url":"https:\/\/luxury-odyssey.com\/sq\/ne-e-dime\/","name":"Ne e dim\u00eb - Luxury Odyssey","isPartOf":{"@id":"https:\/\/luxury-odyssey.com\/#website"},"primaryImageOfPage":{"@id":"https:\/\/luxury-odyssey.com\/sq\/ne-e-dime\/#primaryimage"},"image":{"@id":"https:\/\/luxury-odyssey.com\/sq\/ne-e-dime\/#primaryimage"},"thumbnailUrl":"https:\/\/luxury-odyssey.com\/wp-content\/uploads\/2024\/09\/suheader-1.jpg","datePublished":"2025-07-31T15:00:09+00:00","dateModified":"2025-07-31T15:00:09+00:00","breadcrumb":{"@id":"https:\/\/luxury-odyssey.com\/sq\/ne-e-dime\/#breadcrumb"},"inLanguage":"sq","potentialAction":[{"@type":"ReadAction","target":["https:\/\/luxury-odyssey.com\/sq\/ne-e-dime\/"]}]},{"@type":"ImageObject","inLanguage":"sq","@id":"https:\/\/luxury-odyssey.com\/sq\/ne-e-dime\/#primaryimage","url":"https:\/\/luxury-odyssey.com\/wp-content\/uploads\/2024\/09\/suheader-1.jpg","contentUrl":"https:\/\/luxury-odyssey.com\/wp-content\/uploads\/2024\/09\/suheader-1.jpg","width":1920,"height":600},{"@type":"BreadcrumbList","@id":"https:\/\/luxury-odyssey.com\/sq\/ne-e-dime\/#breadcrumb","itemListElement":[{"@type":"ListItem","position":1,"name":"Inicio","item":"https:\/\/luxury-odyssey.com\/sq\/shtepi\/"},{"@type":"ListItem","position":2,"name":"Ne e dim\u00eb"}]},{"@type":"WebSite","@id":"https:\/\/luxury-odyssey.com\/#website","url":"https:\/\/luxury-odyssey.com\/","name":"Luxury Odyssey","description":"","potentialAction":[{"@type":"SearchAction","target":{"@type":"EntryPoint","urlTemplate":"https:\/\/luxury-odyssey.com\/?s={search_term_string}"},"query-input":{"@type":"PropertyValueSpecification","valueRequired":true,"valueName":"search_term_string"}}],"inLanguage":"sq"}]}},"_links":{"self":[{"href":"https:\/\/luxury-odyssey.com\/sq\/wp-json\/wp\/v2\/pages\/12230"}],"collection":[{"href":"https:\/\/luxury-odyssey.com\/sq\/wp-json\/wp\/v2\/pages"}],"about":[{"href":"https:\/\/luxury-odyssey.com\/sq\/wp-json\/wp\/v2\/types\/page"}],"author":[{"embeddable":true,"href":"https:\/\/luxury-odyssey.com\/sq\/wp-json\/wp\/v2\/users\/1"}],"replies":[{"embeddable":true,"href":"https:\/\/luxury-odyssey.com\/sq\/wp-json\/wp\/v2\/comments?post=12230"}],"version-history":[{"count":2,"href":"https:\/\/luxury-odyssey.com\/sq\/wp-json\/wp\/v2\/pages\/12230\/revisions"}],"predecessor-version":[{"id":12234,"href":"https:\/\/luxury-odyssey.com\/sq\/wp-json\/wp\/v2\/pages\/12230\/revisions\/12234"}],"wp:featuredmedia":[{"embeddable":true,"href":"https:\/\/luxury-odyssey.com\/sq\/wp-json\/wp\/v2\/media\/12211"}],"wp:attachment":[{"href":"https:\/\/luxury-odyssey.com\/sq\/wp-json\/wp\/v2\/media?parent=12230"}],"curies":[{"name":"wp","href":"https:\/\/api.w.org\/{rel}","templated":true}]}}